{"id":365,"date":"2025-08-07T21:10:38","date_gmt":"2025-08-07T19:10:38","guid":{"rendered":"https:\/\/www-dev.involverh.com\/?page_id=365"},"modified":"2025-09-08T17:42:16","modified_gmt":"2025-09-08T15:42:16","slug":"politica-de-cookies","status":"publish","type":"page","link":"https:\/\/www.involverh.com\/es_es\/politica-de-cookies\/","title":{"rendered":"Pol\u00edtica de Cookies"},"content":{"rendered":"<div data-elementor-type=\"wp-page\" data-elementor-id=\"365\" class=\"elementor elementor-365\" data-elementor-settings=\"{&quot;ha_cmc_init_switcher&quot;:&quot;no&quot;}\" data-elementor-post-type=\"page\">\n\t\t\t\t<div class=\"elementor-element elementor-element-e7ab375 e-flex e-con-boxed e-con e-parent\" data-id=\"e7ab375\" data-element_type=\"container\" data-e-type=\"container\" data-settings=\"{&quot;_ha_eqh_enable&quot;:false}\">\n\t\t\t\t\t<div class=\"e-con-inner\">\n\t\t\t\t<div class=\"elementor-element elementor-element-9b45237 elementor-widget elementor-widget-text-editor\" data-id=\"9b45237\" data-element_type=\"widget\" data-e-type=\"widget\" data-widget_type=\"text-editor.default\">\n\t\t\t\t\t\t\t\t\t<h1 style=\"text-align: center;\"><span style=\"color: #000000;\">Pol\u00edticas de Cookies<\/span><\/h1>\t\t\t\t\t\t\t\t<\/div>\n\t\t\t\t\t<\/div>\n\t\t\t\t<\/div>\n\t\t<div class=\"elementor-element elementor-element-6b71334 e-flex e-con-boxed e-con e-parent\" data-id=\"6b71334\" data-element_type=\"container\" data-e-type=\"container\" data-settings=\"{&quot;_ha_eqh_enable&quot;:false}\">\n\t\t\t\t\t<div class=\"e-con-inner\">\n\t\t<div class=\"elementor-element elementor-element-75c7249 e-con-full e-flex e-con e-child\" data-id=\"75c7249\" data-element_type=\"container\" data-e-type=\"container\" data-settings=\"{&quot;background_background&quot;:&quot;classic&quot;,&quot;_ha_eqh_enable&quot;:false}\">\n\t\t\t\t<div class=\"elementor-element elementor-element-8947a52 elementor-widget elementor-widget-text-editor\" data-id=\"8947a52\" data-element_type=\"widget\" data-e-type=\"widget\" data-widget_type=\"text-editor.default\">\n\t\t\t\t\t\t\t\t\t<p class=\"font_8 wixui-rich-text__text\">Una cookie es un peque\u00f1o fichero de texto que se almacena en su navegador cuando visita casi cualquier p\u00e1gina web. Su utilidad es que la web sea capaz de recordar su visita cuando vuelva a navegar por esa p\u00e1gina. Las cookies suelen almacenar informaci\u00f3n de car\u00e1cter t\u00e9cnico, preferencias personales, personalizaci\u00f3n de contenidos, estad\u00edsticas de uso, enlaces a redes sociales, acceso a cuentas de usuario, etc. El objetivo de la cookie es adaptar el contenido de la web a su perfil y necesidades, sin cookies los servicios ofrecidos por cualquier p\u00e1gina se ver\u00edan mermados notablemente.<\/p><p class=\"font_8 wixui-rich-text__text\">Las cookies son peque\u00f1os archivos de texto que se almacenan en su ordenador o dispositivo m\u00f3vil cuando visita un sitio web y\/o nuestros diferentes productos. En esta secci\u00f3n, utilizamos por comodidad \u201ccookies\u201d como t\u00e9rmino general para t\u00e9cnicas tales como cookies y balizas web. No ocupan demasiado espacio y se eliminar\u00e1n autom\u00e1ticamente cuando caduquen. Algunas de las cookies caducan al final de su sesi\u00f3n de Internet, mientras que otras se guardar\u00e1n por un periodo limitado de tiempo.<\/p><p class=\"font_8 wixui-rich-text__text\">Las cookies<strong>\u00a0<span class=\"wixui-rich-text__text\">INVOLVE RH<\/span>\u00a0<\/strong>se denominan \u201ccookies de origen\u201d. Las cookies de partes que no seamos nosotros, se denominan \u201ccookies de terceros\u201d. Las cookies de terceros habilitan caracter\u00edsticas o funcionalidades de terceros que se proporcionen en el sitio web o trav\u00e9s de \u00e9l (por ejemplo, publicidad, contenidos interactivos y an\u00e1lisis). Las partes que establecen estas cookies de terceros pueden reconocer su ordenador o dispositivo m\u00f3vil, tanto cuando visite el sitio web en cuesti\u00f3n como al visitar otros sitios web determinados. Utilizamos nuestras cookies y cookies de terceros por varias razones.<\/p><p class=\"font_8 wixui-rich-text__text\">Las cookies m\u00e1s importantes son las cookies obligatorias. Son esenciales y le ayudan a navegar por la web y a utilizar las funciones b\u00e1sicas, tales como los complementos multimedia. Luego est\u00e1n las cookies de funcionalidad que le permiten guardar su bolsa de la compra, crear una lista de deseos y guardar sus datos de compra para agilizar el proceso de pago. Las cookies de rendimiento y an\u00e1lisis que utilizamos para mejorar nuestro sitio web. Tambi\u00e9n nos gusta mostrarle ofertas relevantes. Para poder hacerlo, recopilamos datos de navegaci\u00f3n, que pueden estar vinculados a un identificador \u00fanico para permitirnos comprender c\u00f3mo interact\u00faa con las distintas plataformas de\u00a0<span class=\"wixui-rich-text__text\"><strong>INVOLVE RH<\/strong>.<\/span>\u00a0Las cookies de interacci\u00f3n se utilizan para interactuar con las redes sociales o para enviar comentarios. Las cookies de segmentaci\u00f3n, las cookies de publicidad y las cookies de redes sociales registran sus preferencias con el fin de mostrar anuncios relevantes fuera de los sitios de\u00a0<span class=\"wixui-rich-text__text\"><strong>INVOLVE RH<\/strong>.\u00a0<\/span>Adem\u00e1s, las cookies de redes sociales pueden utilizarse para el seguimiento de su actividad en plataformas de redes sociales.<\/p><p class=\"font_8 wixui-rich-text__text\"><strong>COOKIES QUE SER\u00c1N UTILIZADAS EN ESTE SITIO WEB<\/strong><\/p><p class=\"font_8 wixui-rich-text__text\">Siguiendo las directrices de la\u00a0<span class=\"wixui-rich-text__text\" style=\"color: #0bb9b9;\"><a class=\"wixui-rich-text__text\" style=\"color: #0bb9b9;\" href=\"https:\/\/www.involverh.com\/es_es\/\" target=\"_blank\" rel=\"noreferrer noopener\">https:\/\/www.involverh.com<\/a><\/span>\u00a0procedemos a detallar el uso de cookies que hace esta web con el fin de informarle con la m\u00e1xima exactitud posible.<\/p><p class=\"font_8 wixui-rich-text__text\">Hay diferentes tipos de cookies con distintos usos. Algunas solo sirven para que pueda navegar y ver determinadas caracter\u00edsticas. Otras nos dar\u00e1n una idea sobre su experiencia de navegaci\u00f3n, como, por ejemplo, si tiene problemas para encontrar lo que busca, de manera que podamos mejorar y lograr que su pr\u00f3xima visita sea lo m\u00e1s agradable posible.<\/p><p class=\"font_8 wixui-rich-text__text\">Este sitio web utilizaran las siguientes cookies:<\/p><p class=\"font_8 wixui-rich-text__text\"><strong>COOKIES PROPIAS<\/strong><\/p><ul class=\"font_8 wixui-rich-text__text\"><li class=\"wixui-rich-text__text\"><p class=\"font_8 wixui-rich-text__text\">Cookies de sesi\u00f3n, para garantizar que los usuarios que escriban comentarios en el blog sean humanos y no aplicaciones automatizadas. De esta forma se combate el spam.<\/p><\/li><\/ul><p class=\"font_8 wixui-rich-text__text\"><strong>COOKIES DE TERCEROS:<\/strong><\/p><ul class=\"font_8 wixui-rich-text__text\"><li class=\"wixui-rich-text__text\"><p class=\"font_8 wixui-rich-text__text\">Google Analytics: Almacena cookies para poder elaborar estad\u00edsticas sobre el tr\u00e1fico y volumen de visitas de esta web. Al utilizar este sitio web est\u00e1 consintiendo el tratamiento de informaci\u00f3n acerca de usted por Google. Por tanto, el ejercicio de cualquier derecho en este sentido deber\u00e1 hacerlo comunicando directamente con Google.<\/p><\/li><\/ul><ul class=\"font_8 wixui-rich-text__text\"><li class=\"wixui-rich-text__text\"><p class=\"font_8 wixui-rich-text__text\">Redes sociales: Cada red social utiliza sus propias cookies para que usted pueda pinchar en botones del tipo Me gusta o Compartir.<\/p><\/li><\/ul><p class=\"font_8 wixui-rich-text__text\"><strong>DESACTIVACI\u00d3N O ELIMINACI\u00d3N DE COOKIES.<\/strong><\/p><p class=\"font_8 wixui-rich-text__text\">En cualquier momento podr\u00e1 ejercer su derecho de desactivaci\u00f3n o eliminaci\u00f3n de cookies de este sitio web. Estas acciones se realizan de forma diferente en funci\u00f3n del navegador que est\u00e9 usando.<\/p><p class=\"font_8 wixui-rich-text__text\"><span class=\"wixGuard wixui-rich-text__text\">\u200b<\/span><\/p><p class=\"font_8 wixui-rich-text__text\"><strong>\u00bfQU\u00c9 OCURRE SI NO QUIERO ACEPTAR LAS COOKIES?<\/strong><\/p><p class=\"font_8 wixui-rich-text__text\">Puede cambiar la configuraci\u00f3n del navegador para eliminar o evitar el almacenamiento de ciertas cookies en su ordenador o dispositivo m\u00f3vil sin su consentimiento expreso. La secci\u00f3n de \u201cayuda\u201d de su navegador debe proporcionar informaci\u00f3n sobre c\u00f3mo administrar la configuraci\u00f3n de cookies. Descubra c\u00f3mo se hace en su navegador aqu\u00ed:<\/p><p class=\"font_8 wixui-rich-text__text\"><span style=\"color: #33cccc;\"><span class=\"wixui-rich-text__text\"><a class=\"wixui-rich-text__text\" style=\"color: #33cccc;\" href=\"https:\/\/support.microsoft.com\/help\/17442\/windows-internet-explorer-delete-manage-cookies\" target=\"_blank\" rel=\"noreferrer noopener\">Internet Explorer<\/a><\/span>\u00a0<\/span><\/p><p class=\"font_8 wixui-rich-text__text\"><span class=\"wixui-rich-text__text\" style=\"color: #33cccc;\"><a class=\"wixui-rich-text__text\" style=\"color: #33cccc;\" href=\"http:\/\/support.mozilla.com\/en-US\/kb\/Cookies\" target=\"_blank\" rel=\"noreferrer noopener\">Mozilla Firefox<\/a><\/span><\/p><p class=\"font_8 wixui-rich-text__text\"><span class=\"wixui-rich-text__text\" style=\"color: #33cccc;\"><a class=\"wixui-rich-text__text\" style=\"color: #33cccc;\" href=\"http:\/\/www.google.com\/support\/chrome\/bin\/answer.py?hl=en&amp;answer=95647\" target=\"_blank\" rel=\"noreferrer noopener\">Google Chrome<\/a><\/span><\/p><p class=\"font_8 wixui-rich-text__text\"><span class=\"wixui-rich-text__text\" style=\"color: #33cccc;\"><a class=\"wixui-rich-text__text\" style=\"color: #0bb9b9;\" href=\"http:\/\/support.apple.com\/kb\/PH5042\" target=\"_blank\" rel=\"noreferrer noopener\">Safari<\/a><\/span><\/p><p class=\"font_8 wixui-rich-text__text\"><span class=\"wixui-rich-text__text\" style=\"color: #0bb9b9;\"><a class=\"wixui-rich-text__text\" style=\"color: #0bb9b9;\" href=\"http:\/\/www.opera.com\/browser\/tutorials\/security\/privacy\/\" target=\"_blank\" rel=\"noreferrer noopener\">Opera<\/a><\/span><\/p><p class=\"font_8 wixui-rich-text__text\">Cookies que se utilizan en este sitio web.<\/p><p class=\"font_8 wixui-rich-text__text\">\u200bGoogle Analytics<\/p><p class=\"font_8 wixui-rich-text__text\">Almacena cookies para poder elaborar estad\u00edsticas sobre el tr\u00e1fico y volumen de visitas de esta web.<\/p><p class=\"font_8 wixui-rich-text__text\">Enlace de referencia:\u00a0<span class=\"wixui-rich-text__text\" style=\"color: #0bb9b9;\"><a class=\"wixui-rich-text__text\" style=\"color: #0bb9b9;\" href=\"https:\/\/policies.google.com\/technologies\/cookies?hl=es#how-google-uses-cookies\" target=\"_blank\" rel=\"noopener\" data-auto-recognition=\"true\">https:\/\/policies.google.com\/technologies\/cookies?hl=es#how-google-uses-cookies<\/a><\/span><\/p><p class=\"font_8 wixui-rich-text__text\">Chat Bitrix<\/p><p class=\"font_8 wixui-rich-text__text\">Utiliza un tipo de cookies necesarias para el correcto funcionamiento de determinadas funciones: como la capacidad de utilizar el chat en vivo. Deshabilitar estas cookies deshabilitar\u00e1 el acceso a esas funciones y degradar\u00e1 su experiencia en el sitio web.<\/p><p class=\"font_8 wixui-rich-text__text\">BITRIX_SM_TIME_ZONE = Live chat feature<\/p><p class=\"font_8 wixui-rich-text__text\">bx_user_id<\/p><p class=\"font_8 wixui-rich-text__text\">Enlace de referencia\u00a0<span class=\"wixui-rich-text__text\" style=\"color: #33cccc;\"><a class=\"wixui-rich-text__text\" style=\"color: #0bb9b9;\" href=\"https:\/\/www.bitrix24.es\/about\/cookie-policy\/\" target=\"_blank\" rel=\"noreferrer noopener\">https:\/\/www.bitrix24.es\/about\/cookie-policy\/<\/a><\/span>\u00a0Involvengx-cookie-service administrador de cookies de origen<\/p><p class=\"font_8 wixui-rich-text__text\"><strong><span class=\"wixui-rich-text__text\">*Notas adicionales<\/span><\/strong><\/p><ul class=\"font_8 wixui-rich-text__text\"><li class=\"wixui-rich-text__text\"><p class=\"font_8 wixui-rich-text__text\">Ni esta web, ni sus representantes legales se hacen responsables ni del contenido ni de la veracidad de las pol\u00edticas de privacidad que puedan tener los terceros mencionados en esta pol\u00edtica de cookies.<\/p><\/li><li class=\"wixui-rich-text__text\"><p class=\"font_8 wixui-rich-text__text\">Los navegadores web son las herramientas encargadas de almacenar las cookies y desde este lugar debe efectuar su derecho a eliminaci\u00f3n o desactivaci\u00f3n de estas. Ni esta web ni sus representantes legales pueden garantizar la correcta o incorrecta manipulaci\u00f3n de las cookies por parte de los mencionados navegadores.<\/p><\/li><li class=\"wixui-rich-text__text\"><p class=\"font_8 wixui-rich-text__text\">En algunos casos es necesario instalar cookies para que el navegador no olvide su decisi\u00f3n de no aceptaci\u00f3n de estas.<\/p><\/li><li class=\"wixui-rich-text__text\"><p class=\"font_8 wixui-rich-text__text\">En el caso de las cookies de Google Analytics, esta empresa almacena las cookies en servidores ubicados en Estados Unidos y se compromete a no compartirla con terceros, excepto en los casos en los que sea necesario para el funcionamiento del sistema o cuando la ley obligue a tal efecto. Seg\u00fan Google no guarda su direcci\u00f3n IP. Google Inc. es una compa\u00f1\u00eda adherida al Acuerdo de Puerto Seguro que garantiza que todos los datos transferidos ser\u00e1n tratados con un nivel de protecci\u00f3n acorde a la normativa europea. Si desea informaci\u00f3n sobre el uso que Google da a las cookies<span style=\"color: #0bb9b9;\">\u00a0<span class=\"wixui-rich-text__text\"><a class=\"wixui-rich-text__text\" style=\"color: #0bb9b9;\" href=\"https:\/\/developers.google.com\/analytics\/devguides\/collection\/analyticsjs\/cookie-usage?hl=es&amp;csw=1\" target=\"_blank\" rel=\"noreferrer noopener\">le adjuntamos este otro enlace<\/a>.<\/span><\/span><\/p><\/li><\/ul><ul class=\"font_8 wixui-rich-text__text\"><li class=\"wixui-rich-text__text\"><p class=\"font_8 wixui-rich-text__text\">Para cualquier duda o consulta acerca de esta pol\u00edtica de cookies no dude en comunicarse con nosotros a trav\u00e9s de la secci\u00f3n de contacto.<\/p><\/li><\/ul><h4 class=\"font_8 wixui-rich-text__text\"><strong><span class=\"wixui-rich-text__text\">M\u00c1S INFORMACI\u00d3N<\/span><\/strong><\/h4><p class=\"font_8 wixui-rich-text__text\">Si tiene alguna duda respecto a nuestro uso de las cookies u otras tecnolog\u00edas, favor de ponerse en contacto con\u00a0<strong><span class=\"wixui-rich-text__text\">INVOLVE RH<\/span><\/strong>, quien aportar\u00e1 la informaci\u00f3n que sea necesaria.<\/p><p class=\"font_8 wixui-rich-text__text\">Nos reservamos el derecho de modificar esta pol\u00edtica de cookies en cualquier momento, por lo tanto, rev\u00edsala con frecuencia. Los cambios y aclaraciones tendr\u00e1n efecto inmediatamente despu\u00e9s de su publicaci\u00f3n en la p\u00e1gina web. Si realizamos cambios sustanciales a esta pol\u00edtica, te notificaremos que se ha actualizado, para que sepas qu\u00e9 informaci\u00f3n recopilamos, c\u00f3mo la usamos y en qu\u00e9 circunstancias, si corresponde, usamos o divulgamos la informaci\u00f3n.<\/p><p class=\"font_8 wixui-rich-text__text\">Fecha de \u00faltima actualizaci\u00f3n 27 de enero de 2023.<\/p>\t\t\t\t\t\t\t\t<\/div>\n\t\t\t\t<\/div>\n\t\t\t\t\t<\/div>\n\t\t\t\t<\/div>\n\t\t\t\t<\/div>","protected":false},"excerpt":{"rendered":"<p>Pol\u00edticas de Cookies Una cookie es un peque\u00f1o fichero de texto que se almacena en su navegador cuando visita casi cualquier p\u00e1gina web. Su utilidad es que la web sea capaz de recordar su visita cuando vuelva a navegar por &hellip;<\/p>\n<p class=\"read-more\"> <a class=\"more-link\" href=\"https:\/\/www.involverh.com\/es_es\/politica-de-cookies\/\"> <span class=\"screen-reader-text\">Pol\u00edtica de Cookies<\/span> Leer m\u00e1s \u00bb<\/a><\/p>","protected":false},"author":1,"featured_media":0,"parent":0,"menu_order":0,"comment_status":"closed","ping_status":"closed","template":"elementor_header_footer","meta":{"footnotes":""},"class_list":["post-365","page","type-page","status-publish","hentry"],"yoast_head":"<!-- This site is optimized with the Yoast SEO plugin v26.8 - https:\/\/yoast.com\/product\/yoast-seo-wordpress\/ -->\n<title>Pol\u00edtica de Cookies -<\/title>\n<meta name=\"description\" content=\"Atrae mejor talento con una plataforma de reclutamiento dise\u00f1ada para PyMEs.Promoci\u00f3n v\u00e1lida solo durante enero: publica tu vacante gratis, recibe candidatos evaluados y mant\u00e9n el control total del proceso.\" \/>\n<meta name=\"robots\" content=\"index, follow, max-snippet:-1, max-image-preview:large, max-video-preview:-1\" \/>\n<link rel=\"canonical\" href=\"https:\/\/www.involverh.com\/es_es\/politica-de-cookies\/\" \/>\n<meta property=\"og:locale\" content=\"es_ES\" \/>\n<meta property=\"og:type\" content=\"article\" \/>\n<meta property=\"og:title\" content=\"Pol\u00edtica de Cookies -\" \/>\n<meta property=\"og:description\" content=\"Atrae mejor talento con una plataforma de reclutamiento dise\u00f1ada para PyMEs.Promoci\u00f3n v\u00e1lida solo durante enero: publica tu vacante gratis, recibe candidatos evaluados y mant\u00e9n el control total del proceso.\" \/>\n<meta property=\"og:url\" content=\"https:\/\/www.involverh.com\/es_es\/politica-de-cookies\/\" \/>\n<meta property=\"og:site_name\" content=\"involve\u00b7rh\" \/>\n<meta property=\"article:publisher\" content=\"https:\/\/www.facebook.com\/Involve.rh\" \/>\n<meta property=\"article:modified_time\" content=\"2025-09-08T15:42:16+00:00\" \/>\n<meta property=\"og:image\" content=\"https:\/\/www.involverh.com\/wp-content\/uploads\/2025\/12\/Sin-titulo-2.png?wsr\" \/>\n\t<meta property=\"og:image:width\" content=\"834\" \/>\n\t<meta property=\"og:image:height\" content=\"834\" \/>\n\t<meta property=\"og:image:type\" content=\"image\/png\" \/>\n<meta name=\"twitter:card\" content=\"summary_large_image\" \/>\n<meta name=\"twitter:label1\" content=\"Tiempo de lectura\" \/>\n\t<meta name=\"twitter:data1\" content=\"6 minutos\" \/>\n<script type=\"application\/ld+json\" class=\"yoast-schema-graph\">{\"@context\":\"https:\/\/schema.org\",\"@graph\":[{\"@type\":\"WebPage\",\"@id\":\"https:\/\/www.involverh.com\/es_es\/politica-de-cookies\/\",\"url\":\"https:\/\/www.involverh.com\/es_es\/politica-de-cookies\/\",\"name\":\"Pol\u00edtica de Cookies -\",\"isPartOf\":{\"@id\":\"https:\/\/www.involverh.com\/#website\"},\"datePublished\":\"2025-08-07T19:10:38+00:00\",\"dateModified\":\"2025-09-08T15:42:16+00:00\",\"description\":\"Atrae mejor talento con una plataforma de reclutamiento dise\u00f1ada para PyMEs.Promoci\u00f3n v\u00e1lida solo durante enero: publica tu vacante gratis, recibe candidatos evaluados y mant\u00e9n el control total del proceso.\",\"breadcrumb\":{\"@id\":\"https:\/\/www.involverh.com\/es_es\/politica-de-cookies\/#breadcrumb\"},\"inLanguage\":\"es\",\"potentialAction\":[{\"@type\":\"ReadAction\",\"target\":[\"https:\/\/www.involverh.com\/es_es\/politica-de-cookies\/\"]}]},{\"@type\":\"BreadcrumbList\",\"@id\":\"https:\/\/www.involverh.com\/es_es\/politica-de-cookies\/#breadcrumb\",\"itemListElement\":[{\"@type\":\"ListItem\",\"position\":1,\"name\":\"Portada\",\"item\":\"https:\/\/www.involverh.com\/\"},{\"@type\":\"ListItem\",\"position\":2,\"name\":\"Pol\u00edtica de Cookies\"}]},{\"@type\":\"WebSite\",\"@id\":\"https:\/\/www.involverh.com\/#website\",\"url\":\"https:\/\/www.involverh.com\/\",\"name\":\"Involve RH\",\"description\":\"Encuentra trabajo en tiempo record\",\"publisher\":{\"@id\":\"https:\/\/www.involverh.com\/#organization\"},\"alternateName\":\"Involve Rh\",\"potentialAction\":[{\"@type\":\"SearchAction\",\"target\":{\"@type\":\"EntryPoint\",\"urlTemplate\":\"https:\/\/www.involverh.com\/?s={search_term_string}\"},\"query-input\":{\"@type\":\"PropertyValueSpecification\",\"valueRequired\":true,\"valueName\":\"search_term_string\"}}],\"inLanguage\":\"es\"},{\"@type\":\"Organization\",\"@id\":\"https:\/\/www.involverh.com\/#organization\",\"name\":\"involve\u00b7rh\",\"url\":\"https:\/\/www.involverh.com\/\",\"logo\":{\"@type\":\"ImageObject\",\"inLanguage\":\"es\",\"@id\":\"https:\/\/www.involverh.com\/#\/schema\/logo\/image\/\",\"url\":\"https:\/\/mlxhlgcdef1k.i.optimole.com\/cb:MACx.edf\/w:241\/h:34\/q:mauto\/f:best\/https:\/\/www.involverh.com\/wp-content\/uploads\/2025\/11\/logoInvolveho-1.webp\",\"contentUrl\":\"https:\/\/mlxhlgcdef1k.i.optimole.com\/cb:MACx.edf\/w:241\/h:34\/q:mauto\/f:best\/https:\/\/www.involverh.com\/wp-content\/uploads\/2025\/11\/logoInvolveho-1.webp\",\"width\":241,\"height\":34,\"caption\":\"involve\u00b7rh\"},\"image\":{\"@id\":\"https:\/\/www.involverh.com\/#\/schema\/logo\/image\/\"},\"sameAs\":[\"https:\/\/www.facebook.com\/Involve.rh\"]}]}<\/script>\n<!-- \/ Yoast SEO plugin. -->","yoast_head_json":{"title":"Pol\u00edtica de Cookies -","description":"Atrae mejor talento con una plataforma de reclutamiento dise\u00f1ada para PyMEs.Promoci\u00f3n v\u00e1lida solo durante enero: publica tu vacante gratis, recibe candidatos evaluados y mant\u00e9n el control total del proceso.","robots":{"index":"index","follow":"follow","max-snippet":"max-snippet:-1","max-image-preview":"max-image-preview:large","max-video-preview":"max-video-preview:-1"},"canonical":"https:\/\/www.involverh.com\/es_es\/politica-de-cookies\/","og_locale":"es_ES","og_type":"article","og_title":"Pol\u00edtica de Cookies -","og_description":"Atrae mejor talento con una plataforma de reclutamiento dise\u00f1ada para PyMEs.Promoci\u00f3n v\u00e1lida solo durante enero: publica tu vacante gratis, recibe candidatos evaluados y mant\u00e9n el control total del proceso.","og_url":"https:\/\/www.involverh.com\/es_es\/politica-de-cookies\/","og_site_name":"involve\u00b7rh","article_publisher":"https:\/\/www.facebook.com\/Involve.rh","article_modified_time":"2025-09-08T15:42:16+00:00","og_image":[{"width":834,"height":834,"url":"https:\/\/www.involverh.com\/wp-content\/uploads\/2025\/12\/Sin-titulo-2.png?wsr","type":"image\/png"}],"twitter_card":"summary_large_image","twitter_misc":{"Tiempo de lectura":"6 minutos"},"schema":{"@context":"https:\/\/schema.org","@graph":[{"@type":"WebPage","@id":"https:\/\/www.involverh.com\/es_es\/politica-de-cookies\/","url":"https:\/\/www.involverh.com\/es_es\/politica-de-cookies\/","name":"Pol\u00edtica de Cookies -","isPartOf":{"@id":"https:\/\/www.involverh.com\/#website"},"datePublished":"2025-08-07T19:10:38+00:00","dateModified":"2025-09-08T15:42:16+00:00","description":"Atrae mejor talento con una plataforma de reclutamiento dise\u00f1ada para PyMEs.Promoci\u00f3n v\u00e1lida solo durante enero: publica tu vacante gratis, recibe candidatos evaluados y mant\u00e9n el control total del proceso.","breadcrumb":{"@id":"https:\/\/www.involverh.com\/es_es\/politica-de-cookies\/#breadcrumb"},"inLanguage":"es","potentialAction":[{"@type":"ReadAction","target":["https:\/\/www.involverh.com\/es_es\/politica-de-cookies\/"]}]},{"@type":"BreadcrumbList","@id":"https:\/\/www.involverh.com\/es_es\/politica-de-cookies\/#breadcrumb","itemListElement":[{"@type":"ListItem","position":1,"name":"Portada","item":"https:\/\/www.involverh.com\/"},{"@type":"ListItem","position":2,"name":"Pol\u00edtica de Cookies"}]},{"@type":"WebSite","@id":"https:\/\/www.involverh.com\/#website","url":"https:\/\/www.involverh.com\/","name":"Involve RH","description":"Encuentra trabajo en tiempo record","publisher":{"@id":"https:\/\/www.involverh.com\/#organization"},"alternateName":"Involve Rh","potentialAction":[{"@type":"SearchAction","target":{"@type":"EntryPoint","urlTemplate":"https:\/\/www.involverh.com\/?s={search_term_string}"},"query-input":{"@type":"PropertyValueSpecification","valueRequired":true,"valueName":"search_term_string"}}],"inLanguage":"es"},{"@type":"Organization","@id":"https:\/\/www.involverh.com\/#organization","name":"involve\u00b7rh","url":"https:\/\/www.involverh.com\/","logo":{"@type":"ImageObject","inLanguage":"es","@id":"https:\/\/www.involverh.com\/#\/schema\/logo\/image\/","url":"https:\/\/mlxhlgcdef1k.i.optimole.com\/cb:MACx.edf\/w:241\/h:34\/q:mauto\/f:best\/https:\/\/www.involverh.com\/wp-content\/uploads\/2025\/11\/logoInvolveho-1.webp","contentUrl":"https:\/\/mlxhlgcdef1k.i.optimole.com\/cb:MACx.edf\/w:241\/h:34\/q:mauto\/f:best\/https:\/\/www.involverh.com\/wp-content\/uploads\/2025\/11\/logoInvolveho-1.webp","width":241,"height":34,"caption":"involve\u00b7rh"},"image":{"@id":"https:\/\/www.involverh.com\/#\/schema\/logo\/image\/"},"sameAs":["https:\/\/www.facebook.com\/Involve.rh"]}]}},"_links":{"self":[{"href":"https:\/\/www.involverh.com\/es_es\/wp-json\/wp\/v2\/pages\/365","targetHints":{"allow":["GET"]}}],"collection":[{"href":"https:\/\/www.involverh.com\/es_es\/wp-json\/wp\/v2\/pages"}],"about":[{"href":"https:\/\/www.involverh.com\/es_es\/wp-json\/wp\/v2\/types\/page"}],"author":[{"embeddable":true,"href":"https:\/\/www.involverh.com\/es_es\/wp-json\/wp\/v2\/users\/1"}],"replies":[{"embeddable":true,"href":"https:\/\/www.involverh.com\/es_es\/wp-json\/wp\/v2\/comments?post=365"}],"version-history":[{"count":8,"href":"https:\/\/www.involverh.com\/es_es\/wp-json\/wp\/v2\/pages\/365\/revisions"}],"predecessor-version":[{"id":384,"href":"https:\/\/www.involverh.com\/es_es\/wp-json\/wp\/v2\/pages\/365\/revisions\/384"}],"wp:attachment":[{"href":"https:\/\/www.involverh.com\/es_es\/wp-json\/wp\/v2\/media?parent=365"}],"curies":[{"name":"wp","href":"https:\/\/api.w.org\/{rel}","templated":true}]}}